{"id":338,"date":"2019-09-20T15:21:54","date_gmt":"2019-09-20T13:21:54","guid":{"rendered":"https:\/\/vinilia.fr\/?page_id=338"},"modified":"2025-05-22T16:19:44","modified_gmt":"2025-05-22T14:19:44","slug":"mentions-legales","status":"publish","type":"page","link":"https:\/\/vinilia.fr\/?page_id=338","title":{"rendered":"Mentions l\u00e9gales"},"content":{"rendered":"\t\t<div data-elementor-type=\"wp-page\" data-elementor-id=\"338\" class=\"elementor elementor-338\">\n\t\t\t\t\t\t<div class=\"elementor-inner\">\n\t\t\t\t<div class=\"elementor-section-wrap\">\n\t\t\t\t\t\t\t\t\t<section class=\"elementor-section elementor-top-section elementor-element elementor-element-5a78fad elementor-section-boxed elementor-section-height-default elementor-section-height-default\" data-id=\"5a78fad\" data-element_type=\"section\">\n\t\t\t\t\t\t<div class=\"elementor-container elementor-column-gap-default\">\n\t\t\t\t\t\t\t<div class=\"elementor-row\">\n\t\t\t\t\t<div class=\"elementor-column elementor-col-100 elementor-top-column elementor-element elementor-element-95fa5b4\" data-id=\"95fa5b4\" data-element_type=\"column\">\n\t\t\t<div class=\"elementor-column-wrap elementor-element-populated\">\n\t\t\t\t\t\t\t<div class=\"elementor-widget-wrap\">\n\t\t\t\t\t\t<div class=\"elementor-element elementor-element-70e7ebb editeur elementor-widget elementor-widget-heading\" data-id=\"70e7ebb\" data-element_type=\"widget\" id=\"editeur\" data-widget_type=\"heading.default\">\n\t\t\t\t<div class=\"elementor-widget-container\">\n\t\t\t<h2 class=\"elementor-heading-title elementor-size-large\">\u00c9diteur du site<\/h2>\t\t<\/div>\n\t\t\t\t<\/div>\n\t\t\t\t<div class=\"elementor-element elementor-element-8b1c944 elementor-widget elementor-widget-text-editor\" data-id=\"8b1c944\" data-element_type=\"widget\" data-widget_type=\"text-editor.default\">\n\t\t\t\t<div class=\"elementor-widget-container\">\n\t\t\t\t\t\t\t\t<div class=\"elementor-text-editor elementor-clearfix\">\n\t\t\t\t<p><u>D\u00e9nomination<\/u>\u00a0: VINILIA<br \/><u>Forme juridique<\/u>\u00a0: Vinilia est la marque commerciale de la SAS La Cave en Or<br \/><u>RCS<\/u>\u00a0: \u00a0838\u00a0192\u00a0060 RCS BORDEAUX<br \/><u>N\u00b0 de TVA<\/u>\u00a0: FR 87\u00a0838\u00a0192 060<br \/><u>Si\u00e8ge social<\/u>\u00a0: 7 rue Simone 33200 Bordeaux<br \/><u>Capital social<\/u> : 1000,00\u20ac<br \/><u>Pr\u00e9sident<\/u>\u00a0: Paul-Eric Heugas<br \/><u>Tel<\/u>: 0033-557 196 683<br \/><u>Fax<\/u>: 0033-557\u00a0196 681<br \/><u>Email<\/u>:\u00a0<u><a href=\"mailto:contact@vinilia.com\" target=\"_blank\" rel=\"noopener\">contact@vinilia.com<\/a><\/u><\/p>\t\t\t\t\t<\/div>\n\t\t\t\t\t\t<\/div>\n\t\t\t\t<\/div>\n\t\t\t\t<div class=\"elementor-element elementor-element-a0bef31 elementor-widget elementor-widget-text-editor\" data-id=\"a0bef31\" data-element_type=\"widget\" data-widget_type=\"text-editor.default\">\n\t\t\t\t<div class=\"elementor-widget-container\">\n\t\t\t\t\t\t\t\t<div class=\"elementor-text-editor elementor-clearfix\">\n\t\t\t\t\t\t\t\t\t<\/div>\n\t\t\t\t\t\t<\/div>\n\t\t\t\t<\/div>\n\t\t\t\t<div class=\"elementor-element elementor-element-c36296c elementor-widget-divider--view-line elementor-widget elementor-widget-divider\" data-id=\"c36296c\" data-element_type=\"widget\" data-widget_type=\"divider.default\">\n\t\t\t\t<div class=\"elementor-widget-container\">\n\t\t\t\t\t<div class=\"elementor-divider\">\n\t\t\t<span class=\"elementor-divider-separator\">\n\t\t\t\t\t\t<\/span>\n\t\t<\/div>\n\t\t\t\t<\/div>\n\t\t\t\t<\/div>\n\t\t\t\t\t\t<\/div>\n\t\t\t\t\t<\/div>\n\t\t<\/div>\n\t\t\t\t\t\t\t\t<\/div>\n\t\t\t\t\t<\/div>\n\t\t<\/section>\n\t\t\t\t<section class=\"elementor-section elementor-top-section elementor-element elementor-element-0d7e20d elementor-section-boxed elementor-section-height-default elementor-section-height-default\" data-id=\"0d7e20d\" data-element_type=\"section\">\n\t\t\t\t\t\t<div class=\"elementor-container elementor-column-gap-default\">\n\t\t\t\t\t\t\t<div class=\"elementor-row\">\n\t\t\t\t\t<div class=\"elementor-column elementor-col-100 elementor-top-column elementor-element elementor-element-3799f9b\" data-id=\"3799f9b\" data-element_type=\"column\">\n\t\t\t<div class=\"elementor-column-wrap elementor-element-populated\">\n\t\t\t\t\t\t\t<div class=\"elementor-widget-wrap\">\n\t\t\t\t\t\t<div class=\"elementor-element elementor-element-4ccb6d6 hebergement elementor-widget elementor-widget-heading\" data-id=\"4ccb6d6\" data-element_type=\"widget\" id=\"hebergement\" data-widget_type=\"heading.default\">\n\t\t\t\t<div class=\"elementor-widget-container\">\n\t\t\t<h2 class=\"elementor-heading-title elementor-size-large\">H\u00e9bergement<\/h2>\t\t<\/div>\n\t\t\t\t<\/div>\n\t\t\t\t<div class=\"elementor-element elementor-element-fc71d7e elementor-widget elementor-widget-text-editor\" data-id=\"fc71d7e\" data-element_type=\"widget\" data-widget_type=\"text-editor.default\">\n\t\t\t\t<div class=\"elementor-widget-container\">\n\t\t\t\t\t\t\t\t<div class=\"elementor-text-editor elementor-clearfix\">\n\t\t\t\t<p><span style=\"text-decoration: underline;\">H\u00e9bergeur :<\/span> OVH SAS<br \/><span style=\"text-decoration: underline;\">Adresse :<\/span> 2 rue Kellermann, 59100 Roubaix<br \/><span style=\"text-decoration: underline;\">Site web :<\/span> <a href=\"https:\/\/www.ovh.com\/fr\/\">https:\/\/www.ovh.com\/fr\/<\/a><\/p>\t\t\t\t\t<\/div>\n\t\t\t\t\t\t<\/div>\n\t\t\t\t<\/div>\n\t\t\t\t<div class=\"elementor-element elementor-element-0df1894 elementor-widget-divider--view-line elementor-widget elementor-widget-divider\" data-id=\"0df1894\" data-element_type=\"widget\" data-widget_type=\"divider.default\">\n\t\t\t\t<div class=\"elementor-widget-container\">\n\t\t\t\t\t<div class=\"elementor-divider\">\n\t\t\t<span class=\"elementor-divider-separator\">\n\t\t\t\t\t\t<\/span>\n\t\t<\/div>\n\t\t\t\t<\/div>\n\t\t\t\t<\/div>\n\t\t\t\t\t\t<\/div>\n\t\t\t\t\t<\/div>\n\t\t<\/div>\n\t\t\t\t\t\t\t\t<\/div>\n\t\t\t\t\t<\/div>\n\t\t<\/section>\n\t\t\t\t<section class=\"elementor-section elementor-top-section elementor-element elementor-element-4d68035 elementor-section-boxed elementor-section-height-default elementor-section-height-default\" data-id=\"4d68035\" data-element_type=\"section\">\n\t\t\t\t\t\t<div class=\"elementor-container elementor-column-gap-default\">\n\t\t\t\t\t\t\t<div class=\"elementor-row\">\n\t\t\t\t\t<div class=\"elementor-column elementor-col-100 elementor-top-column elementor-element elementor-element-b92ab5d\" data-id=\"b92ab5d\" data-element_type=\"column\">\n\t\t\t<div class=\"elementor-column-wrap elementor-element-populated\">\n\t\t\t\t\t\t\t<div class=\"elementor-widget-wrap\">\n\t\t\t\t\t\t<div class=\"elementor-element elementor-element-0330020 conditions elementor-widget elementor-widget-heading\" data-id=\"0330020\" data-element_type=\"widget\" id=\"conditions\" data-widget_type=\"heading.default\">\n\t\t\t\t<div class=\"elementor-widget-container\">\n\t\t\t<h2 class=\"elementor-heading-title elementor-size-large\">Conditions d'utilisation<\/h2>\t\t<\/div>\n\t\t\t\t<\/div>\n\t\t\t\t<div class=\"elementor-element elementor-element-0ad7811 elementor-widget elementor-widget-text-editor\" data-id=\"0ad7811\" data-element_type=\"widget\" data-widget_type=\"text-editor.default\">\n\t\t\t\t<div class=\"elementor-widget-container\">\n\t\t\t\t\t\t\t\t<div class=\"elementor-text-editor elementor-clearfix\">\n\t\t\t\t<p>Ce site (<a href=\"https:\/\/vinilia.fr\/\">www.vinilia.fr<\/a>) a \u00e9t\u00e9 d\u00e9velopp\u00e9 sur WordPress. Pour une navigation plus agr\u00e9able, nous recommandons l&#8217;utilisation de navigateurs modernes tels que Mozilla Firefox ou Google Chrome.<\/p><p>La <a href=\"https:\/\/vinilia.fr\/\">maison de n\u00e9goce Vinilia<\/a> met en \u0153uvre tous les moyens dont elle dispose, pour assurer une information fiable et une mise \u00e0 jour fiable de ses sites internet. Toutefois, des erreurs ou omissions peuvent survenir. L\u2019internaute devra donc s\u2019assurer de l\u2019exactitude des informations aupr\u00e8s de Vinilia, et signaler toutes modifications du site qu\u2019il jugerait utile. Vinilia n\u2019est en aucun cas responsable de l\u2019utilisation faite de ces informations, et de tout pr\u00e9judice direct ou indirect pouvant en d\u00e9couler.<\/p><p><b>Liens hypertextes :<\/b> Les sites internet peuvent offrir des liens vers d\u2019autres sites internet ou d\u2019autres ressources disponibles sur Internet. La maison de n\u00e9goce Vinilia ne dispose d\u2019aucun moyen pour contr\u00f4ler les sites en connexion avec ses sites internet. La maison de n\u00e9goce Vinilia ne r\u00e9pond pas de la disponibilit\u00e9 de tels sites et sources externes, ni ne la garantit. Elle ne peut \u00eatre tenue pour responsable de tout dommage, de quelque nature que ce soit, r\u00e9sultant du contenu de ces sites ou sources externes, et notamment des informations, produits ou services qu\u2019ils proposent, ou de tout usage qui peut \u00eatre fait de ces \u00e9l\u00e9ments. Les risques li\u00e9s \u00e0 cette utilisation incombent pleinement \u00e0 l\u2019internaute, qui doit se conformer \u00e0 leurs conditions d\u2019utilisation.<\/p><p><b>Services fournis : <\/b>L\u2019ensemble des activit\u00e9s de la soci\u00e9t\u00e9 ainsi que ses informations sont pr\u00e9sent\u00e9s sur notre site <a href=\"https:\/\/vinilia.fr\">www.vinilia.fr<\/a>.<\/p><p>La maison de n\u00e9goce Vinilia s\u2019efforce de fournir sur le site <a href=\"https:\/\/www.vinilia.fr\">www.vinilia.fr<\/a> des informations aussi pr\u00e9cises que possible. Les renseignements figurant sur le site <a href=\"https:\/\/www.vinilia.fr\">www.vinilia.fr<\/a> ne sont pas exhaustifs et les photos non contractuelles. Ils sont donn\u00e9s sous r\u00e9serve de modifications ayant \u00e9t\u00e9 apport\u00e9es depuis leur mise en ligne. Par ailleurs, toutes les informations indiqu\u00e9es sur le site <a href=\"https:\/\/www.vinilia.fr\">www.vinilia.fr<\/a><b> <\/b>sont donn\u00e9es \u00e0 titre indicatif, et sont susceptibles de changer ou d\u2019\u00e9voluer sans pr\u00e9avis.<\/p><p><strong>Limitation contractuelle sur les donn\u00e9es :<\/strong> Les informations contenues sur ce site sont aussi pr\u00e9cises que possible et le site remis \u00e0 jour \u00e0 diff\u00e9rentes p\u00e9riodes de l\u2019ann\u00e9e, mais peut toutefois contenir des inexactitudes ou des omissions. Si vous constatez une lacune, erreur ou ce qui parait \u00eatre un dysfonctionnement, merci de bien vouloir le signaler par email, \u00e0 l\u2019adresse <a href=\"mailto:contact@vinilia.fr\">contact@vinilia.fr<\/a>, en d\u00e9crivant le probl\u00e8me de la mani\u00e8re la plus pr\u00e9cise possible (page posant probl\u00e8me, type d\u2019ordinateur et de navigateur utilis\u00e9\u2026).<\/p><p>Les liens hypertextes mis en place dans le cadre du pr\u00e9sent site internet en direction d\u2019autres ressources pr\u00e9sentes sur le r\u00e9seau Internet ne sauraient engager la responsabilit\u00e9 de la maison de n\u00e9goce Vinilia.<\/p><p><strong>Propri\u00e9t\u00e9 intellectuelle : <\/strong>Le site et les \u00e9l\u00e9ments qui le composent (textes, photos, vid\u00e9os, musiques, applications, marques, logos, charte graphique, nom de domaine et tous autres signes distinctifs apparaissant sur le Site) sont la propri\u00e9t\u00e9 de la maison de n\u00e9goce Vinilia ou figurent sur le site avec l\u2019accord des ayants droits concern\u00e9s.<\/p><p>Toute reproduction, repr\u00e9sentation, adaptation, imitation, diffusion, et\/ou utilisation partielle ou totale du site et\/ou de ses \u00e9l\u00e9ments \u00e0 quelque fin que ce soit, \u00e0 titre gratuit ou on\u00e9reux, et par quelque moyen que ce soit sans l\u2019accord pr\u00e9alable et \u00e9crit de Vinilia est interdite.<\/p><p>La cr\u00e9ation de liens hypertextes en direction du site par l\u2019utilisateur est possible \u00e0 condition qu\u2019elle ne porte pas atteinte aux int\u00e9r\u00eats mat\u00e9riels ou moraux de l\u2019\u00e9diteur et de ses soci\u00e9t\u00e9s affili\u00e9es, qu\u2019elle ne cr\u00e9e pas de confusion sur la source des services et\/ou contenus.<\/p><p><b>Litiges : <\/b>Les pr\u00e9sentes conditions du site <a href=\"https:\/\/www.vinilia.fr\">www.vinilia.fr<\/a> sont r\u00e9gies par les lois fran\u00e7aises et toute contestation ou litiges qui pourraient na\u00eetre de l\u2019interpr\u00e9tation ou de l\u2019ex\u00e9cution de celles-ci seront de la comp\u00e9tence exclusive des tribunaux dont d\u00e9pend le si\u00e8ge social de la soci\u00e9t\u00e9. La langue de r\u00e9f\u00e9rence, pour le r\u00e8glement de contentieux \u00e9ventuels, est le fran\u00e7ais.<\/p>\t\t\t\t\t<\/div>\n\t\t\t\t\t\t<\/div>\n\t\t\t\t<\/div>\n\t\t\t\t\t\t<\/div>\n\t\t\t\t\t<\/div>\n\t\t<\/div>\n\t\t\t\t\t\t\t\t<\/div>\n\t\t\t\t\t<\/div>\n\t\t<\/section>\n\t\t\t\t\t\t\t\t\t<\/div>\n\t\t\t<\/div>\n\t\t\t\t\t<\/div>\n\t\t","protected":false},"excerpt":{"rendered":"<p>\u00c9diteur du site D\u00e9nomination\u00a0: VINILIAForme juridique\u00a0: Vinilia est la marque commerciale de la SAS La Cave en OrRCS\u00a0: \u00a0838\u00a0192\u00a0060 RCS BORDEAUXN\u00b0 de TVA\u00a0: FR 87\u00a0838\u00a0192 060Si\u00e8ge social\u00a0: 7 rue Simone 33200 BordeauxCapital social : 1000,00\u20acPr\u00e9sident\u00a0: Paul-Eric HeugasTel: 0033-557 196 683Fax: 0033-557\u00a0196 681Email:\u00a0contact@vinilia.com H\u00e9bergement H\u00e9bergeur : OVH SASAdresse : 2 rue Kellermann, 59100 RoubaixSite web : [&hellip;]<\/p>\n","protected":false},"author":2,"featured_media":0,"parent":0,"menu_order":0,"comment_status":"closed","ping_status":"closed","template":"elementor_header_footer","meta":[],"yoast_head":"<!-- This site is optimized with the Yoast SEO plugin v18.7 - https:\/\/yoast.com\/wordpress\/plugins\/seo\/ -->\n<title>Mentions l\u00e9gales - Vinilia<\/title>\n<meta name=\"robots\" content=\"index, follow, max-snippet:-1, max-image-preview:large, max-video-preview:-1\" \/>\n<link rel=\"canonical\" href=\"https:\/\/vinilia.fr\/?page_id=338\" \/>\n<meta property=\"og:locale\" content=\"fr_FR\" \/>\n<meta property=\"og:type\" content=\"article\" \/>\n<meta property=\"og:title\" content=\"Mentions l\u00e9gales - Vinilia\" \/>\n<meta property=\"og:description\" content=\"\u00c9diteur du site D\u00e9nomination\u00a0: VINILIAForme juridique\u00a0: Vinilia est la marque commerciale de la SAS La Cave en OrRCS\u00a0: \u00a0838\u00a0192\u00a0060 RCS BORDEAUXN\u00b0 de TVA\u00a0: FR 87\u00a0838\u00a0192 060Si\u00e8ge social\u00a0: 7 rue Simone 33200 BordeauxCapital social : 1000,00\u20acPr\u00e9sident\u00a0: Paul-Eric HeugasTel: 0033-557 196 683Fax: 0033-557\u00a0196 681Email:\u00a0contact@vinilia.com H\u00e9bergement H\u00e9bergeur : OVH SASAdresse : 2 rue Kellermann, 59100 RoubaixSite web : [&hellip;]\" \/>\n<meta property=\"og:url\" content=\"https:\/\/vinilia.fr\/?page_id=338\" \/>\n<meta property=\"og:site_name\" content=\"Vinilia\" \/>\n<meta property=\"article:modified_time\" content=\"2025-05-22T14:19:44+00:00\" \/>\n<meta name=\"twitter:card\" content=\"summary_large_image\" \/>\n<meta name=\"twitter:label1\" content=\"Dur\u00e9e de lecture estim\u00e9e\" \/>\n\t<meta name=\"twitter:data1\" content=\"4 minutes\" \/>\n<script type=\"application\/ld+json\" class=\"yoast-schema-graph\">{\"@context\":\"https:\/\/schema.org\",\"@graph\":[{\"@type\":\"Organization\",\"@id\":\"https:\/\/vinilia.fr\/#organization\",\"name\":\"Vinilia\",\"url\":\"https:\/\/vinilia.fr\/\",\"sameAs\":[],\"logo\":{\"@type\":\"ImageObject\",\"inLanguage\":\"fr-FR\",\"@id\":\"https:\/\/vinilia.fr\/#\/schema\/logo\/image\/\",\"url\":\"https:\/\/vinilia.fr\/wp-content\/uploads\/2019\/09\/viniliafav.png\",\"contentUrl\":\"https:\/\/vinilia.fr\/wp-content\/uploads\/2019\/09\/viniliafav.png\",\"width\":512,\"height\":512,\"caption\":\"Vinilia\"},\"image\":{\"@id\":\"https:\/\/vinilia.fr\/#\/schema\/logo\/image\/\"}},{\"@type\":\"WebSite\",\"@id\":\"https:\/\/vinilia.fr\/#website\",\"url\":\"https:\/\/vinilia.fr\/\",\"name\":\"Vinilia\",\"description\":\"\",\"publisher\":{\"@id\":\"https:\/\/vinilia.fr\/#organization\"},\"potentialAction\":[{\"@type\":\"SearchAction\",\"target\":{\"@type\":\"EntryPoint\",\"urlTemplate\":\"https:\/\/vinilia.fr\/?s={search_term_string}\"},\"query-input\":\"required name=search_term_string\"}],\"inLanguage\":\"fr-FR\"},{\"@type\":\"WebPage\",\"@id\":\"https:\/\/vinilia.fr\/?page_id=338#webpage\",\"url\":\"https:\/\/vinilia.fr\/?page_id=338\",\"name\":\"Mentions l\u00e9gales - Vinilia\",\"isPartOf\":{\"@id\":\"https:\/\/vinilia.fr\/#website\"},\"datePublished\":\"2019-09-20T13:21:54+00:00\",\"dateModified\":\"2025-05-22T14:19:44+00:00\",\"breadcrumb\":{\"@id\":\"https:\/\/vinilia.fr\/?page_id=338#breadcrumb\"},\"inLanguage\":\"fr-FR\",\"potentialAction\":[{\"@type\":\"ReadAction\",\"target\":[\"https:\/\/vinilia.fr\/?page_id=338\"]}]},{\"@type\":\"BreadcrumbList\",\"@id\":\"https:\/\/vinilia.fr\/?page_id=338#breadcrumb\",\"itemListElement\":[{\"@type\":\"ListItem\",\"position\":1,\"name\":\"Accueil\",\"item\":\"https:\/\/vinilia.fr\/\"},{\"@type\":\"ListItem\",\"position\":2,\"name\":\"Mentions l\u00e9gales\"}]}]}<\/script>\n<!-- \/ Yoast SEO plugin. -->","yoast_head_json":{"title":"Mentions l\u00e9gales - Vinilia","robots":{"index":"index","follow":"follow","max-snippet":"max-snippet:-1","max-image-preview":"max-image-preview:large","max-video-preview":"max-video-preview:-1"},"canonical":"https:\/\/vinilia.fr\/?page_id=338","og_locale":"fr_FR","og_type":"article","og_title":"Mentions l\u00e9gales - Vinilia","og_description":"\u00c9diteur du site D\u00e9nomination\u00a0: VINILIAForme juridique\u00a0: Vinilia est la marque commerciale de la SAS La Cave en OrRCS\u00a0: \u00a0838\u00a0192\u00a0060 RCS BORDEAUXN\u00b0 de TVA\u00a0: FR 87\u00a0838\u00a0192 060Si\u00e8ge social\u00a0: 7 rue Simone 33200 BordeauxCapital social : 1000,00\u20acPr\u00e9sident\u00a0: Paul-Eric HeugasTel: 0033-557 196 683Fax: 0033-557\u00a0196 681Email:\u00a0contact@vinilia.com H\u00e9bergement H\u00e9bergeur : OVH SASAdresse : 2 rue Kellermann, 59100 RoubaixSite web : [&hellip;]","og_url":"https:\/\/vinilia.fr\/?page_id=338","og_site_name":"Vinilia","article_modified_time":"2025-05-22T14:19:44+00:00","twitter_card":"summary_large_image","twitter_misc":{"Dur\u00e9e de lecture estim\u00e9e":"4 minutes"},"schema":{"@context":"https:\/\/schema.org","@graph":[{"@type":"Organization","@id":"https:\/\/vinilia.fr\/#organization","name":"Vinilia","url":"https:\/\/vinilia.fr\/","sameAs":[],"logo":{"@type":"ImageObject","inLanguage":"fr-FR","@id":"https:\/\/vinilia.fr\/#\/schema\/logo\/image\/","url":"https:\/\/vinilia.fr\/wp-content\/uploads\/2019\/09\/viniliafav.png","contentUrl":"https:\/\/vinilia.fr\/wp-content\/uploads\/2019\/09\/viniliafav.png","width":512,"height":512,"caption":"Vinilia"},"image":{"@id":"https:\/\/vinilia.fr\/#\/schema\/logo\/image\/"}},{"@type":"WebSite","@id":"https:\/\/vinilia.fr\/#website","url":"https:\/\/vinilia.fr\/","name":"Vinilia","description":"","publisher":{"@id":"https:\/\/vinilia.fr\/#organization"},"potentialAction":[{"@type":"SearchAction","target":{"@type":"EntryPoint","urlTemplate":"https:\/\/vinilia.fr\/?s={search_term_string}"},"query-input":"required name=search_term_string"}],"inLanguage":"fr-FR"},{"@type":"WebPage","@id":"https:\/\/vinilia.fr\/?page_id=338#webpage","url":"https:\/\/vinilia.fr\/?page_id=338","name":"Mentions l\u00e9gales - Vinilia","isPartOf":{"@id":"https:\/\/vinilia.fr\/#website"},"datePublished":"2019-09-20T13:21:54+00:00","dateModified":"2025-05-22T14:19:44+00:00","breadcrumb":{"@id":"https:\/\/vinilia.fr\/?page_id=338#breadcrumb"},"inLanguage":"fr-FR","potentialAction":[{"@type":"ReadAction","target":["https:\/\/vinilia.fr\/?page_id=338"]}]},{"@type":"BreadcrumbList","@id":"https:\/\/vinilia.fr\/?page_id=338#breadcrumb","itemListElement":[{"@type":"ListItem","position":1,"name":"Accueil","item":"https:\/\/vinilia.fr\/"},{"@type":"ListItem","position":2,"name":"Mentions l\u00e9gales"}]}]}},"_links":{"self":[{"href":"https:\/\/vinilia.fr\/index.php?rest_route=\/wp\/v2\/pages\/338"}],"collection":[{"href":"https:\/\/vinilia.fr\/index.php?rest_route=\/wp\/v2\/pages"}],"about":[{"href":"https:\/\/vinilia.fr\/index.php?rest_route=\/wp\/v2\/types\/page"}],"author":[{"embeddable":true,"href":"https:\/\/vinilia.fr\/index.php?rest_route=\/wp\/v2\/users\/2"}],"replies":[{"embeddable":true,"href":"https:\/\/vinilia.fr\/index.php?rest_route=%2Fwp%2Fv2%2Fcomments&post=338"}],"version-history":[{"count":20,"href":"https:\/\/vinilia.fr\/index.php?rest_route=\/wp\/v2\/pages\/338\/revisions"}],"predecessor-version":[{"id":831,"href":"https:\/\/vinilia.fr\/index.php?rest_route=\/wp\/v2\/pages\/338\/revisions\/831"}],"wp:attachment":[{"href":"https:\/\/vinilia.fr\/index.php?rest_route=%2Fwp%2Fv2%2Fmedia&parent=338"}],"curies":[{"name":"wp","href":"https:\/\/api.w.org\/{rel}","templated":true}]}}